{"id":93,"date":"2014-02-20T11:27:27","date_gmt":"2014-02-20T10:27:27","guid":{"rendered":"http:\/\/www.madesaniandpartners.it\/?page_id=93"},"modified":"2025-01-31T17:33:38","modified_gmt":"2025-01-31T16:33:38","slug":"chi-siamo","status":"publish","type":"page","link":"https:\/\/www.madesaniandpartners.it\/?page_id=93","title":{"rendered":"Chi siamo"},"content":{"rendered":"<p><a style=\"text-decoration: none;\" href=\"http:\/\/www.madesaniandpartners.it\/\" target=\"_blank\" rel=\"noopener noreferrer\">Home<\/a>\u00a0 \u00a0 \u00a0 \u00a0 \u00a0 \u00a0 \u00a0 \u00a0<a style=\"text-decoration: none;\" href=\"http:\/\/www.madesaniandpartners.it\/?page_id=93\" target=\"_blank\" rel=\"noopener noreferrer\">Chi siamo<\/a> \u00a0 \u00a0 \u00a0 \u00a0 \u00a0 \u00a0<a style=\"text-decoration: none;\" href=\"http:\/\/www.madesaniandpartners.it\/?page_id=99\" target=\"_blank\" rel=\"noopener noreferrer\">Cosa facciamo<\/a> \u00a0 \u00a0 \u00a0 \u00a0 \u00a0<a style=\"text-decoration: none;\" href=\"http:\/\/www.madesaniandpartners.it\/?page_id=97\" target=\"_blank\" rel=\"noopener noreferrer\"> \u00a0Mission \u00a0 \u00a0 <\/a>\u00a0\u00a0\u00a0\u00a0<a style=\"text-decoration: none;\" href=\"http:\/\/www.madesaniandpartners.it\/?page_id=103\" target=\"_blank\" rel=\"noopener noreferrer\">Contatti<\/a><\/p>\n<p><a id=\"1\" name=\"1\"><\/a><br \/><span style=\"color: #ff7f50; font-size: x-large;\">Roberto Madesani<\/span><br \/><em><strong>Geologo tecnico e minerario\u00a0<\/strong><\/em><\/p>\n<p>Laureato in Scienze Geologiche con studi sulla geologia e sulla petrologia dei terreni vulcanici quaternari della Costarica, inizia ad operare i campo professionale fin da subito, specializzandosi nel settore dei materiali industriali e delle pietre ornamentali sia come geologo minerario sia come Direttore di Attivit\u00e0 Estrattiva. Dal 2001 al 2011 fa parte di una societ\u00e0 di ingegneria dove prende a carico il compito di sviluppare i modelli geologici geotecnici e sismici per opere edilizie e di ingegneria civile. Nel corso di questi anni diventa consulente di fiducia di studi di progettazione e di amministrazioni pubbliche. \u00a0In collaborazione con una societ\u00e0 di perforazione sviluppa l\u2019attivit\u00e0 di indagine geognostica e prove in foro. Nel 2012 si specializza in geopedologia. Dal 2011 svolge l\u2019attivit\u00e0 come libero professionista presso la propria sede con il suo staff.<\/p>\n<p><a href=\"http:\/\/www.madesaniandpartners.it\/wp-content\/uploads\/2014\/02\/banner-Roberto1.jpg\"><img loading=\"lazy\" class=\"size-full wp-image-1880 alignnone\" src=\"http:\/\/www.madesaniandpartners.it\/wp-content\/uploads\/2014\/02\/banner-Roberto1.jpg\" alt=\"banner Roberto\" width=\"1024\" height=\"182\" srcset=\"https:\/\/www.madesaniandpartners.it\/wp-content\/uploads\/2014\/02\/banner-Roberto1.jpg 1024w, https:\/\/www.madesaniandpartners.it\/wp-content\/uploads\/2014\/02\/banner-Roberto1-300x53.jpg 300w\" sizes=\"(max-width: 1024px) 100vw, 1024px\" \/><\/a><\/p>\n<p><!--hr width=\"100%\" size=\"2\"--><\/p>\n<p><a id=\"2\" name=\"2\"><\/a><br \/><span style=\"color: #ff7f50; font-size: x-large;\">Alberto Bretschneider<\/span><br \/><em><strong>Geologo | Dottore di ricerca in Scienze della Terra\u00a0<\/strong><\/em><\/p>\n<p>Laureato con lode (2005) e Dottore di Ricerca (2010) in Geologia Applicata presso la Sapienza di Roma, tra il 2010 e il 2012 svolge parallelamente attivit\u00e0 professionale e post-doc presso Sapienza Universit\u00e0 di Roma. Dal 2012 al 2017 \u00e8 Ricercatore e Primo Ricercatore in Geotecnica Sismica presso IFSTTAR-Universit\u00e9 Gustave Eiffel (Nantes, Francia). Specializzato in problemi geologici di stabilit\u00e0 dei pendii, liquefazione, propagazione di onde sismiche ed interazione terreno struttura, \u00e8 autore di oltre 30 pubblicazioni scientifiche e correlatore di Tesi di Laurea e Dottorato discusse in Italia, Francia e Brasile. Dal rientro in Italia nel 2017 svolge la libera professione di geologo e dal 2019 \u00e8 Partner dello Studio Madesani.<\/p>\n<p><a href=\"http:\/\/www.madesaniandpartners.it\/wp-content\/uploads\/2021\/01\/banner-alberto.jpg\"><img loading=\"lazy\" class=\"size-full wp-image-1815 alignnone\" src=\"http:\/\/www.madesaniandpartners.it\/wp-content\/uploads\/2021\/01\/banner-alberto.jpg\" alt=\"albertobanner\" width=\"1024\" height=\"182\" \/><\/a><\/p>\n<p><!--hr width=\"100%\" size=\"2\"--><\/p>\n<p><a id=\"3\" name=\"3\"><\/a><br \/><span style=\"color: #ff7f50; font-size: x-large;\">Amelia Aceti<\/span><br \/><em><strong>Dott. di ricerca, naturalista\u00a0<\/strong><\/em><\/p>\n<p>Dopo essersi laureata in Scienze Naturali svolge il Dottorato di ricerca in Scienze Geologiche e Geotecnologie per L\u2019Ambiente e il territorio presso l\u2019Universit\u00e0 Milano-Bicocca, dove collabora alle lezione e progetti di ricerca. Attualmente svolge la libera professione di Naturalista mettendo a disposizione le sue competenze nel campo della Valutazioni Di Impatto Ambientale e degli Studi Di Incidenza.<\/p>\n<p><a href=\"http:\/\/www.madesaniandpartners.it\/wp-content\/uploads\/2014\/02\/ameliabanner1.jpg\"><img loading=\"lazy\" class=\"size-full wp-image-1815 alignnone\" src=\"http:\/\/www.madesaniandpartners.it\/wp-content\/uploads\/2014\/02\/ameliabanner1.jpg\" alt=\"ameliabanner\" width=\"1024\" height=\"182\" srcset=\"https:\/\/www.madesaniandpartners.it\/wp-content\/uploads\/2014\/02\/ameliabanner1.jpg 1024w, https:\/\/www.madesaniandpartners.it\/wp-content\/uploads\/2014\/02\/ameliabanner1-300x53.jpg 300w\" sizes=\"(max-width: 1024px) 100vw, 1024px\" \/><\/a><\/p>\n<p><!--hr width=\"100%\" size=\"2\"--><\/p>\n<p><a id=\"4\" name=\"4\"><\/a><br \/><span style=\"color: #ff7f50; font-size: x-large;\">Gianantonio Paredi<\/span><br \/><em><strong>Geometra progettista<\/strong><\/em><\/p>\n<p>Geometra professionista ha lavorato come collaboratore di vari studi di architettura della bergamasca. Progettista sia in ambito privato che pubblico ha sviluppato particolare competenza nella progettazione stradale e nelle sistemazioni idrauliche. Abilitato alla redazione di piani operativi di sicurezza di cantiere e coordinamento esecutivo, opera spesso come Direzione Lavori. Completano le sue competenze l\u2019attivit\u00e0 dedicata ai rilievi topografici (Stazione Totale e GPS), coadiuvata dalla conoscenza di sistemi informatici per il disegno tecnico e per la modellazione 3D.<\/p>\n<p><a href=\"http:\/\/www.madesaniandpartners.it\/wp-content\/uploads\/2014\/02\/banner-gian.jpg\"><img loading=\"lazy\" class=\"size-full wp-image-1881 alignnone\" src=\"http:\/\/www.madesaniandpartners.it\/wp-content\/uploads\/2014\/02\/banner-gian.jpg\" alt=\"banner gian\" width=\"1024\" height=\"182\" srcset=\"https:\/\/www.madesaniandpartners.it\/wp-content\/uploads\/2014\/02\/banner-gian.jpg 1024w, https:\/\/www.madesaniandpartners.it\/wp-content\/uploads\/2014\/02\/banner-gian-300x53.jpg 300w\" sizes=\"(max-width: 1024px) 100vw, 1024px\" \/><\/a><\/p>\n\n\n<p><\/p>\n","protected":false},"excerpt":{"rendered":"<p>Home\u00a0 \u00a0 \u00a0 \u00a0 \u00a0 \u00a0 \u00a0 \u00a0Chi siamo \u00a0 \u00a0 \u00a0 \u00a0 \u00a0 \u00a0Cosa facciamo \u00a0 \u00a0 \u00a0 \u00a0 \u00a0 \u00a0Mission \u00a0 \u00a0 \u00a0\u00a0\u00a0\u00a0Contatti Roberto MadesaniGeologo tecnico e minerario\u00a0 Laureato in Scienze Geologiche con studi sulla geologia e sulla petrologia dei terreni vulcanici quaternari della Costarica, inizia ad operare i campo professionale fin da [&hellip;]<\/p>\n","protected":false},"author":1,"featured_media":0,"parent":90,"menu_order":0,"comment_status":"closed","ping_status":"closed","template":"","meta":[],"acf":[],"_links":{"self":[{"href":"https:\/\/www.madesaniandpartners.it\/index.php?rest_route=\/wp\/v2\/pages\/93"}],"collection":[{"href":"https:\/\/www.madesaniandpartners.it\/index.php?rest_route=\/wp\/v2\/pages"}],"about":[{"href":"https:\/\/www.madesaniandpartners.it\/index.php?rest_route=\/wp\/v2\/types\/page"}],"author":[{"embeddable":true,"href":"https:\/\/www.madesaniandpartners.it\/index.php?rest_route=\/wp\/v2\/users\/1"}],"replies":[{"embeddable":true,"href":"https:\/\/www.madesaniandpartners.it\/index.php?rest_route=%2Fwp%2Fv2%2Fcomments&post=93"}],"version-history":[{"count":156,"href":"https:\/\/www.madesaniandpartners.it\/index.php?rest_route=\/wp\/v2\/pages\/93\/revisions"}],"predecessor-version":[{"id":2005,"href":"https:\/\/www.madesaniandpartners.it\/index.php?rest_route=\/wp\/v2\/pages\/93\/revisions\/2005"}],"up":[{"embeddable":true,"href":"https:\/\/www.madesaniandpartners.it\/index.php?rest_route=\/wp\/v2\/pages\/90"}],"wp:attachment":[{"href":"https:\/\/www.madesaniandpartners.it\/index.php?rest_route=%2Fwp%2Fv2%2Fmedia&parent=93"}],"curies":[{"name":"wp","href":"https:\/\/api.w.org\/{rel}","templated":true}]}}